{"id":458,"date":"2020-02-16T21:34:56","date_gmt":"2020-02-16T20:34:56","guid":{"rendered":"https:\/\/www.gyuricsarda.hu\/?page_id=458"},"modified":"2020-02-16T21:34:56","modified_gmt":"2020-02-16T20:34:56","slug":"jankahegyi-gyuri-csarda-zalaegerszeg","status":"publish","type":"page","link":"https:\/\/www.gyuricsarda.hu\/de\/","title":{"rendered":"J\u00e1nkahegyi Gyuri Cs\u00e1rda &#8211; Zalaegerszeg"},"content":{"rendered":"<div class=\"row\"><div class=\"col-md-3 col-sm-3\">\n<div class=\"alterna-service  center alterna-service-icon-bg\" ><div class=\"alterna-service-img-content\"><div class=\"alterna-service-icon btn-theme service-rotate-scale\"><i class=\"fa fa-cutlery\"><\/i><\/div><\/div><div class=\"alterna-service-content\"><h3 class=\"alterna-service-title\">Unser Restaurant<\/h3><div class=\"alterna-service-entry-content\">J\u00e1nkahegyi Gyuri Cs\u00e1rda \u00e9s Vend\u00e9gh\u00e1z: Gastronomischer Ausflug beim Zusammentreffen von Stadt und Natur<\/div><\/div><\/div>\n<\/div><div class=\"col-md-3 col-sm-3\">\n<div class=\"alterna-service  center alterna-service-icon-bg\" ><div class=\"alterna-service-img-content\"><div class=\"alterna-service-icon btn-theme service-rotate-scale\"><i class=\"fa fa-bed\"><\/i><\/div><\/div><div class=\"alterna-service-content\"><h3 class=\"alterna-service-title\">Unsere Unterkunft<\/h3><div class=\"alterna-service-entry-content\">Ruhiger Ausflug, Erholung im Gr\u00fcng\u00fcrtel von Zalaegerszeg mit herrlicher Aussicht<\/div><\/div><\/div>\n<\/div><div class=\"col-md-3 col-sm-3\">\n<div class=\"alterna-service  center alterna-service-icon-bg\" ><div class=\"alterna-service-img-content\"><div class=\"alterna-service-icon btn-theme service-rotate-scale\"><i class=\"fa fa-users\"><\/i><\/div><\/div><div class=\"alterna-service-content\"><h3 class=\"alterna-service-title\">Veranstaltungen<\/h3><div class=\"alterna-service-entry-content\">Wir erwarten unsere lieben G\u00e4ste mit regelm\u00e4\u00dfigen Musikabenden und stimmungsvollen, traditionellen Veranstaltungen.<\/div><\/div><\/div>\n<\/div><div class=\"col-md-3 col-sm-3\">\n<div class=\"alterna-service  center alterna-service-icon-bg\" ><div class=\"alterna-service-img-content\"><div class=\"alterna-service-icon btn-theme service-rotate-scale\"><i class=\"fa fa-car\"><\/i><\/div><\/div><div class=\"alterna-service-content\"><h3 class=\"alterna-service-title\">Anfahrt<\/h3><div class=\"alterna-service-entry-content\">J\u00e1nkahegy ist ein ruhiger, naturnaher Stadtteil, und trotzdem in der N\u00e4he des Stadttrubels.<\/div><\/div><\/div>\n<\/div><\/div>\n<div class=\"alterna-blockquote\" ><blockquote style=\"border-left: 5px solid #E76B46;background:#F4F3EE;\">\n<div class=\"alterna-sc-title left\"><div class=\"row\"><div class=\"col-md-12\"><div class=\"alterna-sc-title-container\"><h3 class=\"alterna-sc-entry-title  \">Herzlich willkommen auf unserer Webseite!<\/h3><div class=\"alterna-sc-title-line\"><\/div><\/div><\/div><\/div><\/div>\n<p>&#8222;Mir ist aufgefallen, dass heutzutage immer weniger Menschen auf das Land fahren und immer weniger Ausfl\u00fcge unternehmen. Teils hat mich das dazu inspiriert, hier am Berghang, an diesem ruhigen, friedlichen Ort mit seiner wunderbaren Aussicht ein Restaurant einzurichten, in dem sich die G\u00e4ste entspannen k\u00f6nnen. Die Gyuri Cs\u00e1rda wurde gegr\u00fcndet, um die Menschen aus ihrer allt\u00e4glichen Arbeit herauszuholen und unsere Stadt ohne Auto, spazierend zu genie\u00dfen. Damit sie einen Vorgeschmack auf die Sch\u00f6nheit von J\u00e1nkahegy und auf das Essen und die Getr\u00e4nke der Bergbewohner bekommen.&#8220;<\/p>\n<p><em>Hart Gy\u00f6rgy<\/em><\/blockquote><\/div>\n<div class=\"tabs left\"><ul class=\"tabs-nav inline\"><li>Aquacity - Zalaegerszeg<\/li><li>Skansen (Freilichtmuseum) \u2013 Zalaegerszeg<\/li><li>\u0150rs\u00e9g<\/li><li>Fernsehturm \u2013 Zalaegerszeg<\/li><li>Burg S\u00fcmeg<\/li><\/ul><div class=\"tabs-container\"><div class=\"tabs-content\">Der Abenteuer- und Rutschenpark Aquacity Zalaegerszeg befindet sich im malerischen Freizeitzentrum G\u00e9b\u00e1rt, 2 km von Zalaegerszeg entfernt. Der Wasserpark, der unvergleichliche Erlebnisse und ausgelassenen Spass bietet, ist einer der gr\u00f6\u00dften in Mitteleuropa und gleichzeitig der einzige Aquapark in Transdanubien. Das 7,5 Hektar gro\u00dfe Gebiet umfasst mehr als 6000 m2 Wasserfl\u00e4che. Es gibt ein Wellenbecken, ein Baby- und Kinderbecken, 3 Whirlpools, ein Sprungbecken, ein Strandbecken und einen 300 m Wasserpark-Fluss. Die eigentliche Attraktion der Anlage sind die 18 Rutschen. F\u00fcr Erwachsene wurden 13 Riesenrutschen (je 54-120 m lang) gebaut.<\/div><div class=\"tabs-content\">1968 \u00f6ffnete in unserer Stadt das erste ethnographische Freilichtmuseum des Landes seine Pforten. Das aus 40 Geb\u00e4uden bestehende Ensemble, das aus 22 Zalaer Siedlungen hertransportiert wurde, befindet sich rund um das Altwasser des Zala Flusses. Auf dem Skansen Gebiet wurde eine G\u00f6csejer Siedlung aus dem letzten Jahrhundert rekonstruiert, wo sich die Besucher auch mit den allt\u00e4glichen Gebrauchsgegenst\u00e4nden der Gegend vertraut machen k\u00f6nnen. Im ersten Stock des Empfangsgeb\u00e4udes des Museums befindet sich die Ausstellung \u201eVolkstracht des Karpatenbeckens an Puppen\u201c.<\/div><div class=\"tabs-content\">Schlie\u00dfen Sie Ihre Augen!\u2026 In Gedanken sind Sie in einer zauberhaften Landschaft. Sanfte H\u00fcgel, farbenfreudige gr\u00fcne Wiesen, Felder, wei\u00df gestrichene H\u00e4user, rote Ziegeld\u00e4cher, Geranien in den Fenstern, l\u00e4chelnde Einheimische in den Toren. \u00dcber dem Boden eine best\u00e4ndige Dunstdecke, die frische, nach Heu und Kiefer duftende Luft kann man fast bei\u00dfen. Sie f\u00fchlen sich wie in der Schweiz oder in \u00d6sterreich, richtig? Dabei gibt es auch in Ungarn, an der westlichen Grenze ein \u201eFu\u00dfbreit Alpen\u201c. Man nennt sie \u0150rs\u00e9g.<\/div><div class=\"tabs-content\">Auf der Bazita Spitze steht der 95 m hohe Fernsehturm, in dem in einer H\u00f6he von 52 m ein Caf\u00e9 mit Rundpanorama zu finden ist. Von der Bar und der darunterliegenden offenen Terrasse aus hat man zu jeder Tageszeit eine herrliche Aussicht auf die Stadt und die Zalaer H\u00fcgel. Bei klarem Wetter kann man bis zu den vulkanischen Zeugenbergen S\u00e1g und Soml\u00f3, sowie bis zu dem Gebirgszug der Alpen sehen. Mutige Besucher k\u00f6nnen auch den einzigartigen Freifallsimulator aus einer H\u00f6he von 50 m ausprobieren.<\/div><div class=\"tabs-content\">Die Burg S\u00fcmeg wurde dem Veszpr\u00e9mer Bistum von dem Heiligen Stephan geschenkt. W\u00e4hrend der Jahrzehnte der t\u00fcrkischen Expansion spielte die Burg S\u00fcmeg eine wichtige Rolle, denn sie verteidigte Ungarn und Westeuropa in zweiter Linie. Die Stadt war zwar mehrfach in t\u00fcrkischer Hand, aber sie konnten die auf einer Anh\u00f6he erbaute Festung nicht einnehmen. Bis zum Regimewechsel war die Burg S\u00fcmeg in einem sehr schlechten Zustand, 1989 gab das Fremdenverkehrsamt des Komitats sie der Stadt zur\u00fcck. Der jetzige Hauptmann der Burg erhielt dann das Recht zur Betreibung der Festung. Dank dem au\u00dfergew\u00f6hnlichen Arbeitspensum, Flei\u00df und Sachverstand wurde die Burg S\u00fcmeg in den letzten dreizehn Jahren komplett rekonstruiert, ihre Mauern stehen solide. Die Besucher der Burg unternehmen eine Zeitreise, denn zwischen den alten Mauern lebt in der Sommerzeit das Mittelalter wieder auf, wenn die zeitgen\u00f6ssischen Z\u00fcnfte ihre Werkst\u00e4tten er\u00f6ffnen. Im Hof \u00fcben Ritter und im Stall k\u00f6nnen die Tiere der Burg gestreichelt werden. Besucher mit st\u00e4rkeren Nerven k\u00f6nnen auch die Folterkammer besichtigen.<\/div><\/div><\/div>\n","protected":false},"excerpt":{"rendered":"","protected":false},"author":1,"featured_media":0,"parent":0,"menu_order":0,"comment_status":"closed","ping_status":"closed","template":"page-homepage.php","meta":{"footnotes":""},"class_list":["post-458","page","type-page","status-publish","hentry"],"_links":{"self":[{"href":"https:\/\/www.gyuricsarda.hu\/de\/wp-json\/wp\/v2\/pages\/458","targetHints":{"allow":["GET"]}}],"collection":[{"href":"https:\/\/www.gyuricsarda.hu\/de\/wp-json\/wp\/v2\/pages"}],"about":[{"href":"https:\/\/www.gyuricsarda.hu\/de\/wp-json\/wp\/v2\/types\/page"}],"author":[{"embeddable":true,"href":"https:\/\/www.gyuricsarda.hu\/de\/wp-json\/wp\/v2\/users\/1"}],"replies":[{"embeddable":true,"href":"https:\/\/www.gyuricsarda.hu\/de\/wp-json\/wp\/v2\/comments?post=458"}],"version-history":[{"count":1,"href":"https:\/\/www.gyuricsarda.hu\/de\/wp-json\/wp\/v2\/pages\/458\/revisions"}],"predecessor-version":[{"id":459,"href":"https:\/\/www.gyuricsarda.hu\/de\/wp-json\/wp\/v2\/pages\/458\/revisions\/459"}],"wp:attachment":[{"href":"https:\/\/www.gyuricsarda.hu\/de\/wp-json\/wp\/v2\/media?parent=458"}],"curies":[{"name":"wp","href":"https:\/\/api.w.org\/{rel}","templated":true}]}}