{"id":460,"date":"2020-02-16T21:35:34","date_gmt":"2020-02-16T20:35:34","guid":{"rendered":"https:\/\/www.gyuricsarda.hu\/?page_id=460"},"modified":"2020-02-16T21:43:34","modified_gmt":"2020-02-16T20:43:34","slug":"restaurant","status":"publish","type":"page","link":"https:\/\/www.gyuricsarda.hu\/de\/restaurant\/","title":{"rendered":"Restaurant"},"content":{"rendered":"\n<h2 class=\"wp-block-heading\">Gastronomischer Ausflug beim Zusammentreffen von Stadt und Natur<\/h2>\n\n\n\n<p>J\u00e1nkahegy ist ein ruhiger, naturnaher Stadtteil, und trotzdem in der N\u00e4he des Stadttrubels. Also in erreichbarer N\u00e4he f\u00fcr die in der heutigen Zeit weniger m\u00fc\u00dfigen, gehetzten Stadtmenschen, die sich trotzdem eine echte, nahe Erholung w\u00fcnschen. Das J\u00e1nkahegyi Gyuri Cs\u00e1rda \u00e9s Vend\u00e9gh\u00e1z befindet sich im Gr\u00fcng\u00fcrtel von Zalaegerszeg und von der Terrasse aus bietet sich den G\u00e4sten eine herrliche Aussicht. Sie k\u00f6nnen \u00fcber der Stadt in zauberhafter Umgebung unsere k\u00f6stlichen Speisen, Weine und Schn\u00e4pse genie\u00dfen. <br><\/p>\n\n\n\n<h2 class=\"wp-block-heading\">Von dem Aussichtsturm, der sich \u00fcber unser Haus erhebt, kann man in die Ferne schauen, auf die Stadt und die herrliche Zalaer Landschaft.<\/h2>\n\n\n\n<p>Die J\u00e1nkahegyi Gyuri Cs\u00e1rda ist nicht nur wegen der Aussicht und dem Pony-Schaf Streichelzoo einzigartig, sondern auch wegen dem gastronomischen Angebot. Wurstsuppe, Kastaniencremesuppe mit Rumrosinen und Ahornsirup, J\u00e1nkahegy Wein-Schweinshaxe mit gebackenem Brot und Bauernkraut, mit Trauben gef\u00fcllte H\u00fchnerbrust in Walnuss-Mandel-Mantel mit Brombeersauce \u2013 um nur einige der Speisenrarit\u00e4ten zu nennen. Viele Gerichte mit Obst, Ziegen- und Schafsk\u00e4se, sowie Zalaer, Berg- und regionale Speisen \u2013 diese Hauptrichtlinien sind f\u00fcr die Men\u00fcauswahl charakteristisch. Neben den guten Geschmacksnoten sorgt an den Wochenenden bei Bedarf auch Live-Musik f\u00fcr echte Tscharda-Stimmung.   <\/p>\n\n\n\n<p>Die Gyuri Cs\u00e1rda ist auf die Bed\u00fcrfnisse der G\u00e4ste und der h\u00e4ufigen Familien- und Firmenveranstaltungen zugeschnitten und die 112 Personen Gesamtkapazit\u00e4t wird von verschiedenen R\u00e4umen gesichert: ein Restaurantteil f\u00fcr 60 Personen, separate R\u00e4ume f\u00fcr je 32 und 20 Personen, eine Panoramaterrasse f\u00fcr 80 Personen &#8211; zwischen diesen kann der hungrige einkehrende Gast w\u00e4hlen. Es ist eine erw\u00e4hnenswerte Kuriosit\u00e4t, dass zu der Tscharda auch ein Schnapshaus und Weinhaus geh\u00f6rt, wo der Besucher einen Vorgeschmack auf eine riesige Auswahl an k\u00f6stlichen edlen Tropfen \u2013 45 Sorten Schnaps und 52 Sorten Flaschenwein &#8211; bekommen kann. <\/p>\n","protected":false},"excerpt":{"rendered":"<p>Gastronomischer Ausflug beim Zusammentreffen von Stadt und Natur J\u00e1nkahegy ist ein ruhiger, naturnaher Stadtteil, und trotzdem in der N\u00e4he des Stadttrubels. Also in erreichbarer N\u00e4he f\u00fcr die in der heutigen Zeit weniger m\u00fc\u00dfigen, gehetzten Stadtmenschen, die sich trotzdem eine echte, nahe Erholung w\u00fcnschen. Das J\u00e1nkahegyi Gyuri Cs\u00e1rda \u00e9s Vend\u00e9gh\u00e1z befindet sich im Gr\u00fcng\u00fcrtel von Zalaegerszeg [&hellip;]<\/p>\n","protected":false},"author":1,"featured_media":280,"parent":0,"menu_order":0,"comment_status":"closed","ping_status":"closed","template":"","meta":{"footnotes":""},"class_list":["post-460","page","type-page","status-publish","has-post-thumbnail","hentry"],"_links":{"self":[{"href":"https:\/\/www.gyuricsarda.hu\/de\/wp-json\/wp\/v2\/pages\/460","targetHints":{"allow":["GET"]}}],"collection":[{"href":"https:\/\/www.gyuricsarda.hu\/de\/wp-json\/wp\/v2\/pages"}],"about":[{"href":"https:\/\/www.gyuricsarda.hu\/de\/wp-json\/wp\/v2\/types\/page"}],"author":[{"embeddable":true,"href":"https:\/\/www.gyuricsarda.hu\/de\/wp-json\/wp\/v2\/users\/1"}],"replies":[{"embeddable":true,"href":"https:\/\/www.gyuricsarda.hu\/de\/wp-json\/wp\/v2\/comments?post=460"}],"version-history":[{"count":1,"href":"https:\/\/www.gyuricsarda.hu\/de\/wp-json\/wp\/v2\/pages\/460\/revisions"}],"predecessor-version":[{"id":461,"href":"https:\/\/www.gyuricsarda.hu\/de\/wp-json\/wp\/v2\/pages\/460\/revisions\/461"}],"wp:featuredmedia":[{"embeddable":true,"href":"https:\/\/www.gyuricsarda.hu\/de\/wp-json\/wp\/v2\/media\/280"}],"wp:attachment":[{"href":"https:\/\/www.gyuricsarda.hu\/de\/wp-json\/wp\/v2\/media?parent=460"}],"curies":[{"name":"wp","href":"https:\/\/api.w.org\/{rel}","templated":true}]}}