{"id":462,"date":"2020-02-16T21:38:12","date_gmt":"2020-02-16T20:38:12","guid":{"rendered":"https:\/\/www.gyuricsarda.hu\/?page_id=462"},"modified":"2020-02-17T17:28:12","modified_gmt":"2020-02-17T16:28:12","slug":"unterkunft","status":"publish","type":"page","link":"https:\/\/www.gyuricsarda.hu\/de\/unterkunft\/","title":{"rendered":"Unterkunft"},"content":{"rendered":"\n<h2 class=\"wp-block-heading\">Famili\u00e4re Gastronomie und Unterkunft in Panoramalage!<\/h2>\n\n\n\n<p>Das J\u00e1nkahegyi Gyuri Cs\u00e1rda \u00e9s Vend\u00e9gh\u00e1z befindet sich im Gr\u00fcng\u00fcrtel von Zalaegerszeg und von der Terrasse aus bietet sich den G\u00e4sten eine herrliche Aussicht. Sie k\u00f6nnen \u00fcber der Stadt in zauberhafter Umgebung unsere k\u00f6stlichen Speisen, Weine und Schn\u00e4pse genie\u00dfen. <\/p>\n\n\n\n<p>Unser G\u00e4stehaus hei\u00dft die lieben G\u00e4ste herzlich willkommen, die sich ein bisschen Entspannung w\u00fcnschen oder die Zalaegerszeg f\u00fcr mehrere Tage besuchen und ihre Tage angenehm in diesen freundlichen und famili\u00e4ren Zimmern verbringen m\u00f6chten. Die Zimmer sind mit Bad, WC, TV und K\u00fchlschrank ausgestattet. F\u00fcr Kinder gibt es eine Schaukel und einen Streichelzoo. Zu der Unterkunft geh\u00f6rt au\u00dferdem ein Salzraum (trockenes Salz), eine Infrarotsauna und eine finnische Sauna! !!! Als Extra Dienstleistung gibt es verschiedene Massagearten!!! <\/p>\n\n\n\n<p><strong>Zimmerpreise:<\/strong><\/p>\n\n\n\n<ul class=\"wp-block-list\"><li>F\u00fcr 1 Person Zimmer mit Einzelbett: 5.000 Ft\/Nacht<br>Zustellbett: 3.000 Ft\/Nacht<\/li><li>2-3 Bett Zimmer f\u00fcr 1 Person: 6.000 Ft\/Nacht<\/li><li>F\u00fcr 2 Personen: 10.000 Ft\/Nacht<\/li><li>F\u00fcr 3 Personen: 12.000 Ft\/Nacht<\/li><li>Baby Bett: 1.000 Ft\/Nacht<\/li><\/ul>\n\n\n\n<p><strong>Apartment, separates Geb\u00e4ude:<\/strong><\/p>\n\n\n\n<ul class=\"wp-block-list\"><li>1 Person: 7.000 Ft\/Nacht<\/li><li>2 Personen: 12.000 Ft\/Nacht<\/li><li>3 Personen: 15.000 Ft\/Nacht<\/li><\/ul>\n\n\n\n<p>Die Preise beinhalten nicht die Kurtaxe (350 Ft\/Person\/Tag).<\/p>\n\n\n\n<ul class=\"wp-block-list\"><li>Fr\u00fchst\u00fcck: 800 Ft\/Person<\/li><li>Haustiere: 2.000 Ft\/Tag<br>(sind nicht in allen Zimmern erlaubt!)<\/li><li>Nutzung der Klimaanlage: 600 Ft\/Tag<\/li><li>Sauna, Salzraum: 500 Ft\/Stunde\/Anlass<br>(f\u00fcr jeden einkehrenden Gast)<\/li><li>Preise inkl. MwSt. (5%)<\/li><li>Bei l\u00e4ngerer Zimmerreservierung wird der Preis vereinbart (mind. 20 Tage)<\/li><\/ul>\n\n\n\n<p><strong>Weitere Informationen, Kontakt:<\/strong><\/p>\n\n\n\n<p>Verlassen des Zimmers bis 10 Uhr!<br>Zimmerbelegung ab 14 Uhr!<\/p>\n\n\n\n<p>Handy (kann immer angerufen werden): +36309797206 (Gy\u00f6rgy Hart)<br>Telefon: +3692511911<br>Handy: +36305527921<\/p>\n\n\n\n<h2 class=\"wp-block-heading\">Von dem Aussichtsturm, der sich \u00fcber unser Haus erhebt, kann man in die Ferne schauen, auf die Stadt und die herrliche Zalaer Landschaft.<\/h2>\n\n\n\n<p>Wenn Sie also nach einem Streifzug durch Zalaegerszeg eine erholsame, familienfreundliche Umgebung und h\u00e4usliche Geschm\u00e4cker suchen, besuchen Sie die J\u00e1nkahegyi Gyuri Cs\u00e1rda, wo Sie Ihren Geist und auch Ihren hungrigen Magen garantiert erfrischen und sich auch im 13 Zimmer G\u00e4stehaus mit Platz f\u00fcr 30 Personen entspannen k\u00f6nnen.<\/p>\n","protected":false},"excerpt":{"rendered":"<p>Famili\u00e4re Gastronomie und Unterkunft in Panoramalage! Das J\u00e1nkahegyi Gyuri Cs\u00e1rda \u00e9s Vend\u00e9gh\u00e1z befindet sich im Gr\u00fcng\u00fcrtel von Zalaegerszeg und von der Terrasse aus bietet sich den G\u00e4sten eine herrliche Aussicht. Sie k\u00f6nnen \u00fcber der Stadt in zauberhafter Umgebung unsere k\u00f6stlichen Speisen, Weine und Schn\u00e4pse genie\u00dfen. Unser G\u00e4stehaus hei\u00dft die lieben G\u00e4ste herzlich willkommen, die sich [&hellip;]<\/p>\n","protected":false},"author":1,"featured_media":83,"parent":0,"menu_order":0,"comment_status":"closed","ping_status":"closed","template":"","meta":{"footnotes":""},"class_list":["post-462","page","type-page","status-publish","has-post-thumbnail","hentry"],"_links":{"self":[{"href":"https:\/\/www.gyuricsarda.hu\/de\/wp-json\/wp\/v2\/pages\/462","targetHints":{"allow":["GET"]}}],"collection":[{"href":"https:\/\/www.gyuricsarda.hu\/de\/wp-json\/wp\/v2\/pages"}],"about":[{"href":"https:\/\/www.gyuricsarda.hu\/de\/wp-json\/wp\/v2\/types\/page"}],"author":[{"embeddable":true,"href":"https:\/\/www.gyuricsarda.hu\/de\/wp-json\/wp\/v2\/users\/1"}],"replies":[{"embeddable":true,"href":"https:\/\/www.gyuricsarda.hu\/de\/wp-json\/wp\/v2\/comments?post=462"}],"version-history":[{"count":2,"href":"https:\/\/www.gyuricsarda.hu\/de\/wp-json\/wp\/v2\/pages\/462\/revisions"}],"predecessor-version":[{"id":481,"href":"https:\/\/www.gyuricsarda.hu\/de\/wp-json\/wp\/v2\/pages\/462\/revisions\/481"}],"wp:featuredmedia":[{"embeddable":true,"href":"https:\/\/www.gyuricsarda.hu\/de\/wp-json\/wp\/v2\/media\/83"}],"wp:attachment":[{"href":"https:\/\/www.gyuricsarda.hu\/de\/wp-json\/wp\/v2\/media?parent=462"}],"curies":[{"name":"wp","href":"https:\/\/api.w.org\/{rel}","templated":true}]}}