{"id":464,"date":"2020-02-16T21:38:55","date_gmt":"2020-02-16T20:38:55","guid":{"rendered":"https:\/\/www.gyuricsarda.hu\/?page_id=464"},"modified":"2020-02-16T21:45:56","modified_gmt":"2020-02-16T20:45:56","slug":"anfragen","status":"publish","type":"page","link":"https:\/\/www.gyuricsarda.hu\/de\/anfragen\/","title":{"rendered":"Anfragen"},"content":{"rendered":"\n<div class=\"wpcf7 no-js\" id=\"wpcf7-f271-o1\" lang=\"\" dir=\"ltr\" data-wpcf7-id=\"271\">\n<div class=\"screen-reader-response\"><p role=\"status\" aria-live=\"polite\" aria-atomic=\"true\"><\/p> <ul><\/ul><\/div>\n<form action=\"\/de\/wp-json\/wp\/v2\/pages\/464#wpcf7-f271-o1\" method=\"post\" class=\"wpcf7-form init\" aria-label=\"Kontaktformular\" novalidate=\"novalidate\" data-status=\"init\">\n<fieldset class=\"hidden-fields-container\"><input type=\"hidden\" name=\"_wpcf7\" value=\"271\" \/><input type=\"hidden\" name=\"_wpcf7_version\" value=\"6.1.5\" \/><input type=\"hidden\" name=\"_wpcf7_locale\" value=\"\" \/><input type=\"hidden\" name=\"_wpcf7_unit_tag\" value=\"wpcf7-f271-o1\" \/><input type=\"hidden\" name=\"_wpcf7_container_post\" value=\"0\" \/><input type=\"hidden\" name=\"_wpcf7_posted_data_hash\" value=\"\" \/><input type=\"hidden\" name=\"_wpcf7_recaptcha_response\" value=\"\" \/>\n<\/fieldset>\n<div class=\"row\">\n<div class=\"col-xs-12 col-sm-3\"><label>N\u00e9v *<\/label><\/div>\n<div class=\"col-xs-12 col-sm-9\"><span class=\"wpcf7-form-control-wrap\" data-name=\"f-nev\"><input size=\"40\" maxlength=\"400\" class=\"wpcf7-form-control wpcf7-text wpcf7-validates-as-required\" aria-required=\"true\" aria-invalid=\"false\" value=\"\" type=\"text\" name=\"f-nev\" \/><\/span><\/div>\n<\/div>\n\n<div class=\"row\">\n<div class=\"col-xs-12 col-sm-3\"><label>Email c\u00edm *<\/label><\/div>\n<div class=\"col-xs-12 col-sm-9\"><span class=\"wpcf7-form-control-wrap\" data-name=\"f-email\"><input size=\"40\" maxlength=\"400\" class=\"wpcf7-form-control wpcf7-email wpcf7-validates-as-required wpcf7-text wpcf7-validates-as-email\" aria-required=\"true\" aria-invalid=\"false\" value=\"\" type=\"email\" name=\"f-email\" \/><\/span><\/div>\n<\/div>\n\n<div class=\"row\">\n<div class=\"col-xs-12 col-sm-3\"><label>Telefonsz\u00e1m *<\/label><\/div>\n<div class=\"col-xs-12 col-sm-9\"><span class=\"wpcf7-form-control-wrap\" data-name=\"f-telefonszam\"><input size=\"40\" maxlength=\"400\" class=\"wpcf7-form-control wpcf7-tel wpcf7-validates-as-required wpcf7-text wpcf7-validates-as-tel\" aria-required=\"true\" aria-invalid=\"false\" value=\"\" type=\"tel\" name=\"f-telefonszam\" \/><\/span><\/div>\n<\/div>\n\n<div class=\"row\">\n<div class=\"col-xs-12 col-sm-3\"><label>K\u00edv\u00e1nt szobat\u00edpus *<\/label><\/div>\n<div class=\"col-xs-12 col-sm-9\"><span class=\"wpcf7-form-control-wrap\" data-name=\"f-kivant-szobatipus\"><select class=\"wpcf7-form-control wpcf7-select wpcf7-validates-as-required\" aria-required=\"true\" aria-invalid=\"false\" name=\"f-kivant-szobatipus\"><option value=\"\">&#8211; Bitte ausw\u00e4hlen &#8211;<\/option><option value=\"Kis h\u00e1z\">Kis h\u00e1z<\/option><option value=\"Nagy h\u00e1z\">Nagy h\u00e1z<\/option><option value=\"Teljes nyaral\u00f3\">Teljes nyaral\u00f3<\/option><\/select><\/span><\/div>\n<\/div>\n\n<div class=\"row\">\n<div class=\"col-xs-6 col-md-3\"><label>\u00c9rkez\u00e9s d\u00e1tuma<\/label><\/div>\n<div class=\"col-xs-6 col-md-3\"><span class=\"wpcf7-form-control-wrap\" data-name=\"f-erkezes-datuma\"><input class=\"wpcf7-form-control wpcf7-date wpcf7-validates-as-date\" aria-invalid=\"false\" placeholder=\"\u00c9\u00c9\u00c9\u00c9-HH-NN\" value=\"\" type=\"date\" name=\"f-erkezes-datuma\" \/><\/span><\/div>\n<div class=\"col-xs-6 col-md-3\"><label>Elutaz\u00e1s d\u00e1tuma<\/label><\/div>\n<div class=\"col-xs-6 col-md-3\"><span class=\"wpcf7-form-control-wrap\" data-name=\"f-elutazas-datuma\"><input class=\"wpcf7-form-control wpcf7-date wpcf7-validates-as-date\" aria-invalid=\"false\" placeholder=\"\u00c9\u00c9\u00c9\u00c9-HH-NN\" value=\"\" type=\"date\" name=\"f-elutazas-datuma\" \/><\/span><\/div>\n<\/div>\n\n<div class=\"row\">\n<div class=\"col-xs-6 col-md-3\"><label>Feln\u0151ttek sz\u00e1ma *<\/label><\/div>\n<div class=\"col-xs-6 col-md-3\"><span class=\"wpcf7-form-control-wrap\" data-name=\"f-felnottek-szama\"><input class=\"wpcf7-form-control wpcf7-number wpcf7-validates-as-number\" min=\"0\" aria-invalid=\"false\" placeholder=\"1\" value=\"\" type=\"number\" name=\"f-felnottek-szama\" \/><\/span><\/div>\n<div class=\"col-xs-6 col-md-3\"><label>Gyermekek sz\u00e1ma *<\/label><\/div>\n<div class=\"col-xs-6 col-md-3\"><span class=\"wpcf7-form-control-wrap\" data-name=\"f-gyermekek-szama\"><input class=\"wpcf7-form-control wpcf7-number wpcf7-validates-as-number\" min=\"0\" aria-invalid=\"false\" placeholder=\"1\" value=\"\" type=\"number\" name=\"f-gyermekek-szama\" \/><\/span><\/div>\n<\/div>\n\n<div class=\"row\">\n<div class=\"col-xs-12 col-sm-3\"><label>Az \u00d6n c\u00edme *<\/label><\/div>\n<div class=\"col-xs-12 col-sm-9\"><span class=\"wpcf7-form-control-wrap\" data-name=\"f-cim\"><input size=\"40\" maxlength=\"400\" class=\"wpcf7-form-control wpcf7-text wpcf7-validates-as-required\" aria-required=\"true\" aria-invalid=\"false\" placeholder=\"1234 Telep\u00fcl\u00e9s, Utcan\u00e9v 1.\" value=\"\" type=\"text\" name=\"f-cim\" \/><\/span><\/div>\n<\/div>\n\n<div class=\"row\">\n<div class=\"col-xs-12 col-sm-3\"><label>K\u00e9rd\u00e9s, megjegyz\u00e9s<\/label><\/div>\n<div class=\"col-xs-12 col-sm-9\"><span class=\"wpcf7-form-control-wrap\" data-name=\"f-kerdes-megjegyzes\"><textarea cols=\"40\" rows=\"10\" maxlength=\"2000\" class=\"wpcf7-form-control wpcf7-textarea\" aria-invalid=\"false\" name=\"f-kerdes-megjegyzes\"><\/textarea><\/span><\/div>\n<\/div>\n\n<div class=\"row\">\n<div class=\"col-xs-12 center-block text-center\">\n\n<input class=\"wpcf7-form-control wpcf7-submit has-spinner\" type=\"submit\" value=\"K\u00fcld\u00e9s\" \/>\n<\/div>\n<\/div><div class=\"wpcf7-response-output\" aria-hidden=\"true\"><\/div>\n<\/form>\n<\/div>\n\n","protected":false},"excerpt":{"rendered":"","protected":false},"author":1,"featured_media":212,"parent":0,"menu_order":0,"comment_status":"closed","ping_status":"closed","template":"","meta":{"footnotes":""},"class_list":["post-464","page","type-page","status-publish","has-post-thumbnail","hentry"],"_links":{"self":[{"href":"https:\/\/www.gyuricsarda.hu\/de\/wp-json\/wp\/v2\/pages\/464","targetHints":{"allow":["GET"]}}],"collection":[{"href":"https:\/\/www.gyuricsarda.hu\/de\/wp-json\/wp\/v2\/pages"}],"about":[{"href":"https:\/\/www.gyuricsarda.hu\/de\/wp-json\/wp\/v2\/types\/page"}],"author":[{"embeddable":true,"href":"https:\/\/www.gyuricsarda.hu\/de\/wp-json\/wp\/v2\/users\/1"}],"replies":[{"embeddable":true,"href":"https:\/\/www.gyuricsarda.hu\/de\/wp-json\/wp\/v2\/comments?post=464"}],"version-history":[{"count":1,"href":"https:\/\/www.gyuricsarda.hu\/de\/wp-json\/wp\/v2\/pages\/464\/revisions"}],"predecessor-version":[{"id":465,"href":"https:\/\/www.gyuricsarda.hu\/de\/wp-json\/wp\/v2\/pages\/464\/revisions\/465"}],"wp:featuredmedia":[{"embeddable":true,"href":"https:\/\/www.gyuricsarda.hu\/de\/wp-json\/wp\/v2\/media\/212"}],"wp:attachment":[{"href":"https:\/\/www.gyuricsarda.hu\/de\/wp-json\/wp\/v2\/media?parent=464"}],"curies":[{"name":"wp","href":"https:\/\/api.w.org\/{rel}","templated":true}]}}