{"id":441,"date":"2020-02-16T21:02:53","date_gmt":"2020-02-16T20:02:53","guid":{"rendered":"https:\/\/www.gyuricsarda.hu\/?page_id=441"},"modified":"2020-02-16T21:10:30","modified_gmt":"2020-02-16T20:10:30","slug":"jankahegyi-gyuri-csarda-zalaegerszeg","status":"publish","type":"page","link":"https:\/\/www.gyuricsarda.hu\/en\/","title":{"rendered":"J\u00e1nkahegyi Gyuri Cs\u00e1rda &#8211; Zalaegerszeg"},"content":{"rendered":"<div class=\"row\"><div class=\"col-md-3 col-sm-3\">\n<div class=\"alterna-service  center alterna-service-icon-bg\" ><div class=\"alterna-service-img-content\"><div class=\"alterna-service-icon btn-theme service-rotate-scale\"><i class=\"fa fa-cutlery\"><\/i><\/div><\/div><div class=\"alterna-service-content\"><h3 class=\"alterna-service-title\">Our Restaurant<\/h3><div class=\"alterna-service-entry-content\">J\u00e1nkahegyi Gyuri Cs\u00e1rda \u00e9s Vend\u00e9gh\u00e1z: Gastronomic excursion at the meeting of city and nature<\/div><\/div><\/div>\n<\/div><div class=\"col-md-3 col-sm-3\">\n<div class=\"alterna-service  center alterna-service-icon-bg\" ><div class=\"alterna-service-img-content\"><div class=\"alterna-service-icon btn-theme service-rotate-scale\"><i class=\"fa fa-bed\"><\/i><\/div><\/div><div class=\"alterna-service-content\"><h3 class=\"alterna-service-title\">Our Accommodation<\/h3><div class=\"alterna-service-entry-content\">Quiet excursion, recreation in a green area of Zalaegerszeg with a wonderful view<\/div><\/div><\/div>\n<\/div><div class=\"col-md-3 col-sm-3\">\n<div class=\"alterna-service  center alterna-service-icon-bg\" ><div class=\"alterna-service-img-content\"><div class=\"alterna-service-icon btn-theme service-rotate-scale\"><i class=\"fa fa-users\"><\/i><\/div><\/div><div class=\"alterna-service-content\"><h3 class=\"alterna-service-title\">Events<\/h3><div class=\"alterna-service-entry-content\">We await our dear Guests with regular musical evenings and cosy, traditional events<\/div><\/div><\/div>\n<\/div><div class=\"col-md-3 col-sm-3\">\n<div class=\"alterna-service  center alterna-service-icon-bg\" ><div class=\"alterna-service-img-content\"><div class=\"alterna-service-icon btn-theme service-rotate-scale\"><i class=\"fa fa-car\"><\/i><\/div><\/div><div class=\"alterna-service-content\"><h3 class=\"alterna-service-title\">Access<\/h3><div class=\"alterna-service-entry-content\">J\u00e1nkahegy is a quiet part of the town, close to nature, yet within easy reach of the bustle of the city.<\/div><\/div><\/div>\n<\/div><\/div>\n<div class=\"alterna-blockquote\" ><blockquote style=\"border-left: 5px solid #E76B46;background:#F4F3EE;\">\n<div class=\"alterna-sc-title left\"><div class=\"row\"><div class=\"col-md-12\"><div class=\"alterna-sc-title-container\"><h3 class=\"alterna-sc-entry-title  \">Welcome to our Website!<\/h3><div class=\"alterna-sc-title-line\"><\/div><\/div><\/div><\/div><\/div>\n<p>&#8220;I have noticed that these days, people travel to the countryside less and less and go on less and less excursions, and partly that was what inspired me to set up a restaurant here on the hillside in this quiet, peaceful place with a beautiful view, where the guests can relax. Gyuri Cs\u00e1rda was made to get people out of their daily work and enjoy our city walking, while parking their cars. This way, they can get a taste of the beauty of J\u00e1nka Hill and the food and drinks of the mountain people.&#8221;<\/p>\n<p><em>Hart Gy\u00f6rgy<\/em><\/blockquote><\/div>\n<div class=\"tabs left\"><ul class=\"tabs-nav inline\"><li>Aquacity \u2013 Zalaegerszeg<\/li><li>Open-air Museum \u2013 Zalaegerszeg<\/li><li>\u0150rs\u00e9g<\/li><li>TV Tower \u2013 Zalaegerszeg<\/li><li>S\u00fcmeg Castle<\/li><\/ul><div class=\"tabs-container\"><div class=\"tabs-content\">The Aquacity Zalaegerszeg Adventure and Waterslide Park is located in the picturesque G\u00e9b\u00e1rt Leisure Center, 2 km from Zalaegerszeg. The Water Amusement Park is one of the largest aqua parks in Central Europe and the only aqua park in Transdanubia, offering unique experiences and carefree fun. The 7,5-hectare area has more than 6000 m2 water surface. There is a wave pool, a baby and children pool, 3 Jacuzzi pools, a diving pool, a beach pool and a 300 m long slow-flowing water. The real attraction of the facility are the 18 slides. 13 giant slides (each 54-120 m long) were built for adults. <\/div><div class=\"tabs-content\">In 1968, the country\u2019s first open-air ethnographic museum was opened in our city. The ensemble of 40 buildings, which was shipped from 22 settlements in Zala, is located around the backwater of the Zala river. On the premises of the open-air museum, a settlement of G\u00f6csej from the last century was reconstructed, where visitors can also get acquainted with the everyday objects of the area. On the first floor of the museum\u2019s reception building there is an exhibition entitled \u2018Carpathian Basin traditional costumes on dolls\u2019.<\/div><div class=\"tabs-content\">Close your eyes!\u2026 In your imagination, you are in a magical landscape. Undulating hills, strident green meadows, fields, white-painted houses, red tiled roofs, geraniums in the windows, smiling locals at the gates. Above the ground there is a constant humidity cover, one can almost bite the fresh air smelling of hay and pine. You feel like in Switzerland or in Austria, right? However, there is also a \u201cfoothold of the Alps\u201d in Hungary, at the western border. It is called \u0150rs\u00e9g.<\/div><div class=\"tabs-content\">On the Bazita Peak stands the 95 m high TV tower, in which can be found a caf\u00e9 at 52 m altitude. The bar and the open terrace below it offer beautiful views of the city and the Zala hills in every hour of the day. In clear weather one can see the volcanic outliers S\u00e1g and Soml\u00f3 and even the range of the Alps. Courageous visitors can try the unique free fall simulator from 50 m altitude.<\/div><div class=\"tabs-content\">S\u00fcmeg Castle was a present from Saint Stephen to the bishopric of Veszpr\u00e9m. During the decades of Turkish expansion, S\u00fcmeg Castle played an important role in defending Hungary and Western Europe in the second line. The city had been in Turkish hands several times, but they could not take the fortress built on high ground. By the time of the regime change, S\u00fcmeg Castle was in a very bad condition, and in 1989 the County Tourist Office gave it back to the city. By this time, the present captain of the castle was granted the right to operate the fortress. Thanks to the extraordinary working ability, diligence and expertise, the castle of S\u00fcmeg has been completely rebuilt in the last thirteen years, its walls stand solidly. The guests of the castle take part in a time travel as the medieval revives during summertime amidst the old walls, and the contemporary guilds open their workshops. Knights practise in the courtyard and the livestock of the castle can be petted in the stables. Those with stronger nerves can even visit the torture chamber.<\/div><\/div><\/div>\n","protected":false},"excerpt":{"rendered":"","protected":false},"author":1,"featured_media":0,"parent":0,"menu_order":0,"comment_status":"closed","ping_status":"closed","template":"page-homepage.php","meta":{"footnotes":""},"class_list":["post-441","page","type-page","status-publish","hentry"],"_links":{"self":[{"href":"https:\/\/www.gyuricsarda.hu\/en\/wp-json\/wp\/v2\/pages\/441","targetHints":{"allow":["GET"]}}],"collection":[{"href":"https:\/\/www.gyuricsarda.hu\/en\/wp-json\/wp\/v2\/pages"}],"about":[{"href":"https:\/\/www.gyuricsarda.hu\/en\/wp-json\/wp\/v2\/types\/page"}],"author":[{"embeddable":true,"href":"https:\/\/www.gyuricsarda.hu\/en\/wp-json\/wp\/v2\/users\/1"}],"replies":[{"embeddable":true,"href":"https:\/\/www.gyuricsarda.hu\/en\/wp-json\/wp\/v2\/comments?post=441"}],"version-history":[{"count":1,"href":"https:\/\/www.gyuricsarda.hu\/en\/wp-json\/wp\/v2\/pages\/441\/revisions"}],"predecessor-version":[{"id":442,"href":"https:\/\/www.gyuricsarda.hu\/en\/wp-json\/wp\/v2\/pages\/441\/revisions\/442"}],"wp:attachment":[{"href":"https:\/\/www.gyuricsarda.hu\/en\/wp-json\/wp\/v2\/media?parent=441"}],"curies":[{"name":"wp","href":"https:\/\/api.w.org\/{rel}","templated":true}]}}