{"id":443,"date":"2020-02-16T21:04:09","date_gmt":"2020-02-16T20:04:09","guid":{"rendered":"https:\/\/www.gyuricsarda.hu\/?page_id=443"},"modified":"2020-02-16T21:42:36","modified_gmt":"2020-02-16T20:42:36","slug":"restaurant","status":"publish","type":"page","link":"https:\/\/www.gyuricsarda.hu\/en\/restaurant\/","title":{"rendered":"Restaurant"},"content":{"rendered":"\n<h2 class=\"wp-block-heading\">Gastronomic excursion at the meeting of city and nature<\/h2>\n\n\n\n<p>J\u00e1nkahegy is a quiet part of the town, close to nature, yet within easy reach of the bustle of the city. Therefore, it is within reach for today\u2019s rushing city people with less time, who still want a real recreation, but close-by. Located in the green belt of Zalaegerszeg, J\u00e1nkahegyi Gyuri Cs\u00e1rda \u00e9s Vend\u00e9gh\u00e1z has a terrace with a wonderful panorama. Guests can enjoy our delicious food, wines and liquors in magical surroundings above the city.<br><\/p>\n\n\n\n<h2 class=\"wp-block-heading\">From the lookout tower that rises above our house, one can see far away and overlook the city and the magnificent scenery of Zala.<\/h2>\n\n\n\n<p>Not only the view and the petting zoo with pony and sheep make J\u00e1nkahegyi Gyuri Cs\u00e1rda unique, but also its gastronomic offer. Sausage soup, chestnut cream soup with rum raisins and maple syrup, J\u00e1nkahegy wine knuckle with roasted bread and farmer cabbage, chicken breast stuffed with grapes in walnut-almond coat and blackberry sauce \u2013 just to mention a few of the food rarities. Many dishes with fruit, goat- and sheep cheese, as well as Zala-, mountain- and regional food \u2013 these are the main lines of the menu selection. In addition to the good flavours, on weekends and on demand, live music provides the real tavern atmosphere. <\/p>\n\n\n\n<p>Adapted to the needs of guests and frequent family and corporate events, Gyuri Cs\u00e1rda offers a total capacity of 112 seats in a variety of rooms: a restaurant for 60 persons, parlours for 32 and 20 persons and a panoramic terrace for 80 persons \u2013 the hungry guest can choose among these. It is a noteworthy oddity that a brandy house and a wine house also belong to the inn, where the visitor can get a taste of a huge selection of delicious drinks \u2013 45 kinds of brandy and 52 sorts of bottled wine.<\/p>\n","protected":false},"excerpt":{"rendered":"<p>Gastronomic excursion at the meeting of city and nature J\u00e1nkahegy is a quiet part of the town, close to nature, yet within easy reach of the bustle of the city. Therefore, it is within reach for today\u2019s rushing city people with less time, who still want a real recreation, but close-by. Located in the green [&hellip;]<\/p>\n","protected":false},"author":1,"featured_media":279,"parent":0,"menu_order":0,"comment_status":"closed","ping_status":"closed","template":"","meta":{"footnotes":""},"class_list":["post-443","page","type-page","status-publish","has-post-thumbnail","hentry"],"_links":{"self":[{"href":"https:\/\/www.gyuricsarda.hu\/en\/wp-json\/wp\/v2\/pages\/443","targetHints":{"allow":["GET"]}}],"collection":[{"href":"https:\/\/www.gyuricsarda.hu\/en\/wp-json\/wp\/v2\/pages"}],"about":[{"href":"https:\/\/www.gyuricsarda.hu\/en\/wp-json\/wp\/v2\/types\/page"}],"author":[{"embeddable":true,"href":"https:\/\/www.gyuricsarda.hu\/en\/wp-json\/wp\/v2\/users\/1"}],"replies":[{"embeddable":true,"href":"https:\/\/www.gyuricsarda.hu\/en\/wp-json\/wp\/v2\/comments?post=443"}],"version-history":[{"count":1,"href":"https:\/\/www.gyuricsarda.hu\/en\/wp-json\/wp\/v2\/pages\/443\/revisions"}],"predecessor-version":[{"id":444,"href":"https:\/\/www.gyuricsarda.hu\/en\/wp-json\/wp\/v2\/pages\/443\/revisions\/444"}],"wp:featuredmedia":[{"embeddable":true,"href":"https:\/\/www.gyuricsarda.hu\/en\/wp-json\/wp\/v2\/media\/279"}],"wp:attachment":[{"href":"https:\/\/www.gyuricsarda.hu\/en\/wp-json\/wp\/v2\/media?parent=443"}],"curies":[{"name":"wp","href":"https:\/\/api.w.org\/{rel}","templated":true}]}}