{"id":445,"date":"2020-02-16T21:06:55","date_gmt":"2020-02-16T20:06:55","guid":{"rendered":"https:\/\/www.gyuricsarda.hu\/?page_id=445"},"modified":"2020-02-17T17:27:57","modified_gmt":"2020-02-17T16:27:57","slug":"accommodation","status":"publish","type":"page","link":"https:\/\/www.gyuricsarda.hu\/en\/accommodation\/","title":{"rendered":"Accommodation"},"content":{"rendered":"\n<h2 class=\"wp-block-heading\">Homely hospitality and accommodation in a panoramic setting!<\/h2>\n\n\n\n<p>Located in the green belt of Zalaegerszeg, J\u00e1nkahegyi Gyuri Cs\u00e1rda \u00e9s Vend\u00e9gh\u00e1z has a terrace with a wonderful panorama. Guests can enjoy our delicious food, wines and liquors in magical surroundings above the city.<\/p>\n\n\n\n<p>Our guesthouse welcomes dear guests, who either desire some recreation or who visit Zalaegerszeg for more days and wish to spend their days pleasantly in these cosy and family-friendly rooms. The rooms come with a bathroom, toilet, TV and a fridge. There is a swing and a petting zoo for children. The accommodation also features a salt room (dry salt), an infrared sauna and a Finnish sauna! !!! As an extra service, we can offer different types of massage!!!<\/p>\n\n\n\n<p><strong>Room rates:<\/strong><\/p>\n\n\n\n<ul class=\"wp-block-list\"><li>Single room for 1 person: 5.000 Ft \/night<br> Extra bed: 3.000 Ft\/night<\/li><li>2-3 bed room for 1 person: 6.000 Ft\/night<\/li><li>For 2 persons: 10.000 Ft\/night<\/li><li>For 3 persons: 12.000 Ft\/night<\/li><li>Cot: 1.000 Ft\/night<\/li><\/ul>\n\n\n\n<p><strong>Apartment, separate building:<\/strong><\/p>\n\n\n\n<ul class=\"wp-block-list\"><li>1 person: 7.000 Ft\/night<\/li><li>2 persons: 12.000 Ft\/night<\/li><li>3 persons: 15.000 Ft\/night<\/li><\/ul>\n\n\n\n<p>The prices do not include the tourist tax (350 Ft\/person\/day).<\/p>\n\n\n\n<ul class=\"wp-block-list\"><li>Breakfast: 800 Ft\/person<\/li><li>Pet: 2.000 Ft\/day<br>(not allowed in every room!)<\/li><li>Use of air conditioner: 600 Ft\/day<\/li><li>Sauna, salt room: 500 Ft\/hour\/occasion<br>(for any guest)<\/li><li>Prices include VAT (5%)<\/li><li>In case of a longer stay the price is a question of agreement (min. 20 days)<\/li><\/ul>\n\n\n\n<p><strong>Further information, contact:<\/strong><\/p>\n\n\n\n<p>Leaving the room until 10 am!<br>Occupancy of the room from 2 pm!<\/p>\n\n\n\n<p>Mobile (permanently available): +36309797206 (Gy\u00f6rgy Hart)<br>Telephone: +3692511911<br>Mobile: +36305527921<\/p>\n\n\n\n<h2 class=\"wp-block-heading\">From the lookout tower that rises above our house, one can see far away, overlook the city and the magnificent scenery of Zala.<\/h2>\n\n\n\n<p>So if you are looking for a relaxing, family-friendly environment and local flavours after roaming in Zalaegerszeg, visit J\u00e1nkahegyi Gyuri Cs\u00e1rda, where your spirit and hungry stomach will be surely refreshed and you can even rest in the 13 room guesthouse with room for 30 people.<\/p>\n","protected":false},"excerpt":{"rendered":"<p>Homely hospitality and accommodation in a panoramic setting! Located in the green belt of Zalaegerszeg, J\u00e1nkahegyi Gyuri Cs\u00e1rda \u00e9s Vend\u00e9gh\u00e1z has a terrace with a wonderful panorama. Guests can enjoy our delicious food, wines and liquors in magical surroundings above the city. Our guesthouse welcomes dear guests, who either desire some recreation or who visit [&hellip;]<\/p>\n","protected":false},"author":1,"featured_media":82,"parent":0,"menu_order":0,"comment_status":"closed","ping_status":"closed","template":"","meta":{"footnotes":""},"class_list":["post-445","page","type-page","status-publish","has-post-thumbnail","hentry"],"_links":{"self":[{"href":"https:\/\/www.gyuricsarda.hu\/en\/wp-json\/wp\/v2\/pages\/445","targetHints":{"allow":["GET"]}}],"collection":[{"href":"https:\/\/www.gyuricsarda.hu\/en\/wp-json\/wp\/v2\/pages"}],"about":[{"href":"https:\/\/www.gyuricsarda.hu\/en\/wp-json\/wp\/v2\/types\/page"}],"author":[{"embeddable":true,"href":"https:\/\/www.gyuricsarda.hu\/en\/wp-json\/wp\/v2\/users\/1"}],"replies":[{"embeddable":true,"href":"https:\/\/www.gyuricsarda.hu\/en\/wp-json\/wp\/v2\/comments?post=445"}],"version-history":[{"count":2,"href":"https:\/\/www.gyuricsarda.hu\/en\/wp-json\/wp\/v2\/pages\/445\/revisions"}],"predecessor-version":[{"id":480,"href":"https:\/\/www.gyuricsarda.hu\/en\/wp-json\/wp\/v2\/pages\/445\/revisions\/480"}],"wp:featuredmedia":[{"embeddable":true,"href":"https:\/\/www.gyuricsarda.hu\/en\/wp-json\/wp\/v2\/media\/82"}],"wp:attachment":[{"href":"https:\/\/www.gyuricsarda.hu\/en\/wp-json\/wp\/v2\/media?parent=445"}],"curies":[{"name":"wp","href":"https:\/\/api.w.org\/{rel}","templated":true}]}}