{"id":10,"date":"2020-01-07T18:51:06","date_gmt":"2020-01-07T18:51:06","guid":{"rendered":"https:\/\/www.gyuricsarda.hu\/?page_id=10"},"modified":"2020-01-24T19:05:04","modified_gmt":"2020-01-24T19:05:04","slug":"fooldal","status":"publish","type":"page","link":"https:\/\/www.gyuricsarda.hu\/hu\/","title":{"rendered":"J\u00e1nkahegyi Gyuri Cs\u00e1rda &#8211; Zalaegerszeg"},"content":{"rendered":"<div class=\"row\"><div class=\"col-md-3 col-sm-3\">\n<div class=\"alterna-service  center alterna-service-icon-bg\" ><div class=\"alterna-service-img-content\"><div class=\"alterna-service-icon btn-theme service-rotate-scale\"><i class=\"fa fa-cutlery\"><\/i><\/div><\/div><div class=\"alterna-service-content\"><h3 class=\"alterna-service-title\">\u00c9tterm\u00fcnk<\/h3><div class=\"alterna-service-entry-content\">J\u00e1nkahegyi Gyuri Cs\u00e1rda \u00e9s Vend\u00e9gh\u00e1z: Gasztron\u00f3miai kir\u00e1ndul\u00e1s a v\u00e1ros \u00e9s a term\u00e9szet tal\u00e1lkoz\u00e1s\u00e1n\u00e1l<\/div><\/div><\/div>\n<\/div><div class=\"col-md-3 col-sm-3\">\n<div class=\"alterna-service  center alterna-service-icon-bg\" ><div class=\"alterna-service-img-content\"><div class=\"alterna-service-icon btn-theme service-rotate-scale\"><i class=\"fa fa-bed\"><\/i><\/div><\/div><div class=\"alterna-service-content\"><h3 class=\"alterna-service-title\">Sz\u00e1ll\u00e1sunk<\/h3><div class=\"alterna-service-entry-content\">Z\u00f6ld \u00f6vezetb\u00e9li, csendes kir\u00e1ndul\u00e1s, kikapcsol\u00f3d\u00e1s Zalaegerszegen csod\u00e1latos panor\u00e1m\u00e1val<\/div><\/div><\/div>\n<\/div><div class=\"col-md-3 col-sm-3\">\n<div class=\"alterna-service  center alterna-service-icon-bg\" ><div class=\"alterna-service-img-content\"><div class=\"alterna-service-icon btn-theme service-rotate-scale\"><i class=\"fa fa-users\"><\/i><\/div><\/div><div class=\"alterna-service-content\"><h3 class=\"alterna-service-title\">Rendezv\u00e9nyek<\/h3><div class=\"alterna-service-entry-content\">Rendszeres zen\u00e9s estekkel, hangulatos, hagyom\u00e1ny\u0151rz\u0151 rendezv\u00e9nyekkel v\u00e1rjuk Kedves Vend\u00e9geinket<\/div><\/div><\/div>\n<\/div><div class=\"col-md-3 col-sm-3\">\n<div class=\"alterna-service  center alterna-service-icon-bg\" ><div class=\"alterna-service-img-content\"><div class=\"alterna-service-icon btn-theme service-rotate-scale\"><i class=\"fa fa-car\"><\/i><\/div><\/div><div class=\"alterna-service-content\"><h3 class=\"alterna-service-title\">Megk\u00f6zel\u00edt\u00e9s<\/h3><div class=\"alterna-service-entry-content\">Csendes, term\u00e9szet k\u00f6zeli v\u00e1rosr\u00e9sz a J\u00e1nkahegy, de m\u00e9gis alig karny\u00fajt\u00e1snyira a v\u00e1ros forgatag\u00e1t\u00f3l.<\/div><\/div><\/div>\n<\/div><\/div>\n<div class=\"alterna-blockquote\" ><blockquote style=\"border-left: 5px solid #E76B46;background:#F4F3EE;\">\n<div class=\"alterna-sc-title left\"><div class=\"row\"><div class=\"col-md-12\"><div class=\"alterna-sc-title-container\"><h3 class=\"alterna-sc-entry-title  \">\u00dcdv\u00f6zl\u00f6m honlapunkon!<\/h3><div class=\"alterna-sc-title-line\"><\/div><\/div><\/div><\/div><\/div>\n<p>&#8222;\u00dagy vettem \u00e9szre, egyre kevesebbet j\u00e1rnak vid\u00e9kre, egyre kevesebbet kir\u00e1ndulnak az emberek manaps\u00e1g, s r\u00e9szben ez ihletett meg, hogy itt a hegyoldalban, ezen a csendes, nyugodt helyen, gy\u00f6ny\u00f6r\u0171 kil\u00e1t\u00e1ssal l\u00e9trehozzak egy \u00e9ttermet, ahol \u00e9rdemben ki tudnak kapcsol\u00f3dni a vend\u00e9gek. A Gyuri Cs\u00e1rda az\u00e9rt k\u00e9sz\u00fclt, hogy az emberek kimozduljanak a mindennapos munk\u00e1b\u00f3l \u00e9s aut\u00f3ikat let\u00e9ve, s\u00e9t\u00e1lgatva gy\u00f6ny\u00f6rk\u00f6djenek v\u00e1rosunkban. \u00cdzel\u00edt\u0151t kapjanak a J\u00e1nka-hegy sz\u00e9ps\u00e9g\u00e9b\u0151l, a hegyi emberek \u00e9teleib\u0151l, italaib\u00f3l.&#8221;<\/p>\n<p><em>Hart Gy\u00f6rgy<\/em><\/blockquote><\/div>\n<div class=\"tabs left\"><ul class=\"tabs-nav inline\"><li>Aquacity - Zalaegerszeg<\/li><li>Skanzen - Zalaegerszeg<\/li><li>\u0150rs\u00e9g<\/li><li>TV-torony - Zalaegerszeg<\/li><li>S\u00fcmegi V\u00e1r<\/li><\/ul><div class=\"tabs-container\"><div class=\"tabs-content\">Az Aquacity Zalaegerszegi \u00c9lm\u00e9ny- \u00e9s Cs\u00faszdapark a fest\u0151i sz\u00e9ps\u00e9g\u0171 G\u00e9b\u00e1rti Szabadid\u0151 k\u00f6zpontban tal\u00e1lhat\u00f3, Zalaegerszegt\u0151l 2 km-re. A p\u00e1ratlan \u00e9lm\u00e9nyeket, \u00f6nfeledt sz\u00f3rakoz\u00e1st k\u00edn\u00e1l\u00f3 V\u00edzi Vid\u00e1mpark K\u00f6z\u00e9p-Eur\u00f3pa egyik legnagyobb \u00e9s egy\u00fattal a Dun\u00e1nt\u00fal egyetlen aquaparkja. A 7,5 hekt\u00e1ros nagys\u00e1g\u00fa ter\u00fcleten t\u00f6bb mint 6000 m2 v\u00edzfel\u00fclet tal\u00e1lhat\u00f3. Hull\u00e1m-medence, b\u00e9bi- \u00e9s gyermekmedence, 3 db jacuzzi medence, ugr\u00f3medence, strandmedence \u00e9s 300 m hossz\u00fa lass\u00fafoly\u00f3 \u00e1ll a f\u00fcrd\u0151zni v\u00e1gy\u00f3k rendelkez\u00e9s\u00e9re. A l\u00e9tes\u00edtm\u00e9ny igazi attrakci\u00f3ja a 18 db cs\u00faszda. A feln\u0151ttek r\u00e9sz\u00e9re 13 db (egyenk\u00e9nt 54-120 m hossz\u00fa) \u00f3ri\u00e1scs\u00fazda \u00e9p\u00fclt.<\/div><div class=\"tabs-content\">1968-ban nyitotta meg v\u00e1rosunkban kapuit az orsz\u00e1g els\u0151 szabadt\u00e9ri n\u00e9prajzi m\u00fazeuma. A v\u00e1rost \u00e1tszel\u0151 Zala foly\u00f3 holt\u00e1ga k\u00f6r\u00fcl kapott helyet a 40 \u00e9p\u00fcletb\u0151l \u00e1ll\u00f3 egy\u00fcttes, melyet 22 zalai telep\u00fcl\u00e9sr\u0151l sz\u00e1ll\u00edtottak a helysz\u00ednre. A skanzen ter\u00fclet\u00e9n egy m\u00falt sz\u00e1zadi g\u00f6cseji telep\u00fcl\u00e9st rekonstru\u00e1ltak az \u00e9p\u00edt\u0151k, ahol a l\u00e1togat\u00f3k a t\u00e9rs\u00e9g mindennapi haszn\u00e1lati t\u00e1rgyaival is megismerkedhetnek.A m\u00fazeum fogad\u00f3\u00e9p\u00fclet\u00e9nek emelet\u00e9n a &#8216;K\u00e1rp\u00e1t-medence n\u00e9pviselete bab\u00e1kon&#8217; c\u00edm\u0171 ki\u00e1ll\u00edt\u00e1s kapott helyet.<\/div><div class=\"tabs-content\">Hunyja le a szem\u00e9t!&#8230; K\u00e9pzeletben var\u00e1zslatos t\u00e1jon j\u00e1r. Hull\u00e1mz\u00f3 dombok, harsog\u00f3 z\u00f6ld r\u00e9tek, mez\u0151k, feh\u00e9rre festett h\u00e1zak, piros cser\u00e9ptet\u0151k, az ablakokban musk\u00e1tlik, a kapukban mosolyg\u00f3s helyb\u00e9liek. A f\u00f6ld f\u00f6l\u00f6tt \u00e1lland\u00f3 p\u00e1ratakar\u00f3, a friss, sz\u00e9na- \u00e9s feny\u0151illatt\u00f3l terhes leveg\u0151t szinte harapni lehet. Ugye Sv\u00e1jcban, net\u00e1n Ausztri\u00e1ban \u00e9rzi mag\u00e1t? Pedig Magyarorsz\u00e1gon, a nyugati hat\u00e1rsz\u00e9len is van egy &#8222;talpalatnyi Alpok.&#8221; \u0150rs\u00e9gnek nevezik.<\/div><div class=\"tabs-content\">A Bazitai-tet\u0151n \u00e1ll a 95 m magas TV-torony, melyben 52 m-es magass\u00e1gban k\u00f6rpanor\u00e1m\u00e1s pressz\u00f3 m\u0171k\u00f6dik. A b\u00e1rb\u00f3l \u00e9s az alatta l\u00e9v\u0151 nyitott teraszr\u00f3l a nap minden \u00f3r\u00e1j\u00e1ban sz\u00e9p kil\u00e1t\u00e1s ny\u00edlik a v\u00e1rosra \u00e9s a zalai dombokra. Tiszta id\u0151ben a S\u00e1g \u00e9s a Soml\u00f3 vulkanikus tan\u00fahegy\u00e9ig, valamint az Alpok vonulat\u00e1ig is el lehet l\u00e1tni. A kell\u0151 b\u00e1tors\u00e1ggal rendelkez\u0151 l\u00e1togat\u00f3k kipr\u00f3b\u00e1lhatj\u00e1k az egyed\u00fcl\u00e1ll\u00f3, 50 m magass\u00e1gb\u00f3l indul\u00f3 szabades\u00e9s szimul\u00e1tort.<\/div><div class=\"tabs-content\">A S\u00fcmegi v\u00e1rat Szent Istv\u00e1n aj\u00e1nd\u00e9kozta a veszpr\u00e9mi p\u00fcsp\u00f6ks\u00e9gnek. A t\u00f6r\u00f6k terjeszked\u00e9s \u00e9vtizedeiben komoly szerepet kapott S\u00fcmeg v\u00e1ra, hiszen m\u00e1sodik vonalban v\u00e9dte Magyarorsz\u00e1got, illetve Nyugat Eur\u00f3p\u00e1t. A v\u00e1ros ugyan t\u00f6bbsz\u00f6r t\u00f6r\u00f6k k\u00e9zre ker\u00fclt, de a magaslatra \u00e9p\u00fclt er\u0151d\u00edtm\u00e9nyt nem tudt\u00e1k bevenni. A rendszerv\u00e1ltoztat\u00e1s idej\u00e9re azt\u00e1n S\u00fcmegv\u00e1r nagyon rossz \u00e1llapotba ker\u00fclt, 1989-ben a Megyei Idegenforgalmi Hivatal visszaadta a v\u00e1rosnak. A v\u00e1r jelenlegi kapit\u00e1nya ekkor kapta meg az er\u0151d\u00edtm\u00e9ny \u00fczemeltet\u00e9si jog\u00e1t. A rendk\u00edv\u00fcli munkab\u00edr\u00e1snak, szorgalomnak \u00e9s szak\u00e9rtelemnek h\u00e1la, S\u00fcmeg v\u00e1ra az ut\u00f3bbi tizenh\u00e1rom \u00e9vben teljesen \u00fajj\u00e1\u00e9p\u00fclt, falai szil\u00e1rdan \u00e1llnak. A v\u00e1r vend\u00e9gei id\u0151utaz\u00e1son vesznek r\u00e9szt, hiszen az \u00f6reg falak k\u00f6z\u00f6tt a ny\u00e1ri id\u0151szakban fel\u00e9led a k\u00f6z\u00e9pkor, megnyitj\u00e1k m\u0171helyeiket a korabeli c\u00e9hek. Az udvaron lovagok gyakorlatoznak, az ist\u00e1ll\u00f3ban pedig a v\u00e1r \u00e1llattart\u00e1sa simogathat\u00f3. Er\u0151sebb idegzet\u0171ek m\u00e9g a k\u00ednz\u00f3kamr\u00e1t is megtekinthetik.<\/div><\/div><\/div>\n","protected":false},"excerpt":{"rendered":"","protected":false},"author":1,"featured_media":0,"parent":0,"menu_order":0,"comment_status":"closed","ping_status":"closed","template":"page-homepage.php","meta":{"footnotes":""},"class_list":["post-10","page","type-page","status-publish","hentry"],"_links":{"self":[{"href":"https:\/\/www.gyuricsarda.hu\/hu\/wp-json\/wp\/v2\/pages\/10","targetHints":{"allow":["GET"]}}],"collection":[{"href":"https:\/\/www.gyuricsarda.hu\/hu\/wp-json\/wp\/v2\/pages"}],"about":[{"href":"https:\/\/www.gyuricsarda.hu\/hu\/wp-json\/wp\/v2\/types\/page"}],"author":[{"embeddable":true,"href":"https:\/\/www.gyuricsarda.hu\/hu\/wp-json\/wp\/v2\/users\/1"}],"replies":[{"embeddable":true,"href":"https:\/\/www.gyuricsarda.hu\/hu\/wp-json\/wp\/v2\/comments?post=10"}],"version-history":[{"count":12,"href":"https:\/\/www.gyuricsarda.hu\/hu\/wp-json\/wp\/v2\/pages\/10\/revisions"}],"predecessor-version":[{"id":265,"href":"https:\/\/www.gyuricsarda.hu\/hu\/wp-json\/wp\/v2\/pages\/10\/revisions\/265"}],"wp:attachment":[{"href":"https:\/\/www.gyuricsarda.hu\/hu\/wp-json\/wp\/v2\/media?parent=10"}],"curies":[{"name":"wp","href":"https:\/\/api.w.org\/{rel}","templated":true}]}}