{"id":12,"date":"2020-01-07T18:51:17","date_gmt":"2020-01-07T18:51:17","guid":{"rendered":"https:\/\/www.gyuricsarda.hu\/?page_id=12"},"modified":"2020-02-16T21:42:59","modified_gmt":"2020-02-16T20:42:59","slug":"etterem","status":"publish","type":"page","link":"https:\/\/www.gyuricsarda.hu\/hu\/etterem\/","title":{"rendered":"\u00c9tterem"},"content":{"rendered":"\n<h2 class=\"wp-block-heading\">Gasztron\u00f3miai kir\u00e1ndul\u00e1s a v\u00e1ros \u00e9s a term\u00e9szet tal\u00e1lkoz\u00e1s\u00e1n\u00e1l<\/h2>\n\n\n\n<p>Csendes, term\u00e9szet k\u00f6zeli v\u00e1rosr\u00e9sz a J\u00e1nkahegy, de m\u00e9gis alig karny\u00fajt\u00e1snyira a v\u00e1ros forgatag\u00e1t\u00f3l. El\u00e9rhet\u0151 k\u00f6zels\u00e9gben teh\u00e1t a mai kor kev\u00e9sb\u00e9 r\u00e1\u00e9r\u0151s, rohan\u00f3 v\u00e1rosi embere sz\u00e1m\u00e1ra, aki m\u00e9gis olykor igazi, de k\u00f6zeli fel\u00fcd\u00fcl\u00e9sre v\u00e1gyik. A Zalaegerszeg z\u00f6ld\u00f6vezet\u00e9ben tal\u00e1lhat\u00f3 J\u00e1nkahegyi Gyuri Cs\u00e1rda \u00e9s Vend\u00e9gh\u00e1z terasz\u00e1r\u00f3l csod\u00e1latos panor\u00e1ma t\u00e1rul az ide l\u00e1togat\u00f3 vend\u00e9g el\u00e9. A v\u00e1ros felett var\u00e1zslatos k\u00f6rnyezetben \u00e9lvezhetik a finom \u00e9teleink, boraink, p\u00e1link\u00e1ink \u00edzeit, zamat\u00e1t. <br><\/p>\n\n\n\n<h2 class=\"wp-block-heading\">A h\u00e1zunk f\u00f6l\u00e9 magasod\u00f3 kil\u00e1t\u00f3b\u00f3l messzire ell\u00e1tni, a v\u00e1rosra \u00e9s a csod\u00e1latos zalai t\u00e1jakra.<\/h2>\n\n\n\n<p>Nem csak a kil\u00e1t\u00e1s \u00e9s a p\u00f3nilovas-birk\u00e1s \u00e1llatsimogat\u00f3 teszi egyediv\u00e9 a J\u00e1nkahegyi Gyuri Cs\u00e1rd\u00e1t, hanem a gasztron\u00f3miai k\u00edn\u00e1lata is. Kolb\u00e1szleves, gesztenye-kr\u00e9mleves rumos mazsol\u00e1val \u00e9s juharsziruppal, J\u00e1nkahegyi boros cs\u00fcl\u00f6k vele s\u00fclt keny\u00e9rrel, paraszt k\u00e1poszt\u00e1val, sz\u0151l\u0151vel t\u00f6lt\u00f6tt csirkemell di\u00f3s-mandul\u00e1s bund\u00e1ban, szederm\u00e1rt\u00e1ssal &#8211; csak n\u00e9h\u00e1ny a ritkas\u00e1gsz\u00e1mba men\u0151 \u00e9tkek sor\u00e1b\u00f3l. Sok gy\u00fcm\u00f6lcs\u00f6s, kecske- \u00e9s juhsajtos, valamint zalai, hegyi, t\u00e1jjelleg\u0171 \u00e9telek &#8211; ezek a f\u0151 ir\u00e1nyvonalak jellemzik az \u00e9tlap v\u00e1laszt\u00e9k\u00e1t. Az igazi cs\u00e1rdahangulatr\u00f3l a j\u00f3 \u00edzek mellett h\u00e9tv\u00e9genk\u00e9nt, ig\u00e9ny eset\u00e9n pedig  \u00e9l\u0151zene is gondoskodik.<\/p>\n\n\n\n<p>A vend\u00e9gek valamint a gyakori csal\u00e1di \u00e9s c\u00e9ges rendezv\u00e9nyek k\u00fcl\u00f6nf\u00e9le ig\u00e9nyeihez igazodva a Gyuri Cs\u00e1rd\u00e1ban az \u00f6sszesen 112 f\u0151s befogad\u00f3k\u00e9pess\u00e9get k\u00fcl\u00f6nf\u00e9le szint\u0171 termek biztos\u00edtj\u00e1k: egy 60f\u0151s \u00e9ttermi r\u00e9sz, 32 f\u0151s \u00e9s egy 20 f\u0151s k\u00fcl\u00f6nterem, 80 f\u00e9r\u0151helyes panor\u00e1m\u00e1s terasz \u00e9vel) k\u00f6z\u00fcl v\u00e1laszthat az \u00e9hes bet\u00e9r\u0151 vend\u00e9g. Eml\u00edt\u00e9sre m\u00e9lt\u00f3 kuri\u00f3zum, hogy a cs\u00e1rd\u00e1hoz egy p\u00e1linkah\u00e1z, borh\u00e1z &#8211; is tartozik, ahol az \u00edzletes ned\u0171k hatalmas v\u00e1laszt\u00e9k\u00e1b\u00f3l &#8211; 45 f\u00e9le p\u00e1linka \u00e9s 52 f\u00e9le palackos bor &#8211; kaphat \u00edzel\u00edt\u0151t az idel\u00e1togat\u00f3.<\/p>\n","protected":false},"excerpt":{"rendered":"<p>Gasztron\u00f3miai kir\u00e1ndul\u00e1s a v\u00e1ros \u00e9s a term\u00e9szet tal\u00e1lkoz\u00e1s\u00e1n\u00e1l Csendes, term\u00e9szet k\u00f6zeli v\u00e1rosr\u00e9sz a J\u00e1nkahegy, de m\u00e9gis alig karny\u00fajt\u00e1snyira a v\u00e1ros forgatag\u00e1t\u00f3l. El\u00e9rhet\u0151 k\u00f6zels\u00e9gben teh\u00e1t a mai kor kev\u00e9sb\u00e9 r\u00e1\u00e9r\u0151s, rohan\u00f3 v\u00e1rosi embere sz\u00e1m\u00e1ra, aki m\u00e9gis olykor igazi, de k\u00f6zeli fel\u00fcd\u00fcl\u00e9sre v\u00e1gyik. A Zalaegerszeg z\u00f6ld\u00f6vezet\u00e9ben tal\u00e1lhat\u00f3 J\u00e1nkahegyi Gyuri Cs\u00e1rda \u00e9s Vend\u00e9gh\u00e1z terasz\u00e1r\u00f3l csod\u00e1latos panor\u00e1ma t\u00e1rul az [&hellip;]<\/p>\n","protected":false},"author":1,"featured_media":278,"parent":0,"menu_order":0,"comment_status":"closed","ping_status":"closed","template":"","meta":{"footnotes":""},"class_list":["post-12","page","type-page","status-publish","has-post-thumbnail","hentry"],"_links":{"self":[{"href":"https:\/\/www.gyuricsarda.hu\/hu\/wp-json\/wp\/v2\/pages\/12","targetHints":{"allow":["GET"]}}],"collection":[{"href":"https:\/\/www.gyuricsarda.hu\/hu\/wp-json\/wp\/v2\/pages"}],"about":[{"href":"https:\/\/www.gyuricsarda.hu\/hu\/wp-json\/wp\/v2\/types\/page"}],"author":[{"embeddable":true,"href":"https:\/\/www.gyuricsarda.hu\/hu\/wp-json\/wp\/v2\/users\/1"}],"replies":[{"embeddable":true,"href":"https:\/\/www.gyuricsarda.hu\/hu\/wp-json\/wp\/v2\/comments?post=12"}],"version-history":[{"count":2,"href":"https:\/\/www.gyuricsarda.hu\/hu\/wp-json\/wp\/v2\/pages\/12\/revisions"}],"predecessor-version":[{"id":43,"href":"https:\/\/www.gyuricsarda.hu\/hu\/wp-json\/wp\/v2\/pages\/12\/revisions\/43"}],"wp:featuredmedia":[{"embeddable":true,"href":"https:\/\/www.gyuricsarda.hu\/hu\/wp-json\/wp\/v2\/media\/278"}],"wp:attachment":[{"href":"https:\/\/www.gyuricsarda.hu\/hu\/wp-json\/wp\/v2\/media?parent=12"}],"curies":[{"name":"wp","href":"https:\/\/api.w.org\/{rel}","templated":true}]}}