{"id":14,"date":"2020-01-07T18:51:24","date_gmt":"2020-01-07T18:51:24","guid":{"rendered":"https:\/\/www.gyuricsarda.hu\/?page_id=14"},"modified":"2026-01-03T13:59:09","modified_gmt":"2026-01-03T12:59:09","slug":"szallas","status":"publish","type":"page","link":"https:\/\/www.gyuricsarda.hu\/hu\/szallas\/","title":{"rendered":"Sz\u00e1ll\u00e1s"},"content":{"rendered":"\n<h2 class=\"wp-block-heading\">Csal\u00e1dias vend\u00e9gl\u00e1t\u00e1s \u00e9s sz\u00e1ll\u00e1s panor\u00e1m\u00e1s k\u00f6rnyezetben!<\/h2>\n\n\n\n<p>A Zalaegerszeg z\u00f6ld\u00f6vezet\u00e9ben tal\u00e1lhat\u00f3 J\u00e1nkahegyi Gyuri Cs\u00e1rda \u00e9s Vend\u00e9gh\u00e1z terasz\u00e1r\u00f3l csod\u00e1latos panor\u00e1ma t\u00e1rul az ide l\u00e1togat\u00f3 vend\u00e9g el\u00e9. A v\u00e1ros felett var\u00e1zslatos k\u00f6rnyezetben \u00e9lvezhetik a finom \u00e9teleink, boraink, p\u00e1link\u00e1ink \u00edzeit, zamat\u00e1t.<\/p>\n\n\n\n<p>Panzi\u00f3nk szeretettel v\u00e1rja az ide l\u00e1togat\u00f3 kedves vend\u00e9geket, ak\u00e1r a kis kikapcsol\u00f3d\u00e1sra v\u00e1gy\u00f3kat, ak\u00e1r a t\u00f6bbnapos zalaegerszegi l\u00e1togat\u00e1sra \u00e9rkez\u0151ket, akik kellemesen szeretn\u00e9k elt\u00f6lteni a napjaikat ezekben a bar\u00e1ts\u00e1gos \u00e9s csal\u00e1dias szob\u00e1kban. A szob\u00e1khoz f\u00fcrd\u0151szoba, WC, Tv, \u00e9s h\u0171t\u0151 tartozik. S\u00f3 szoba (sz\u00e1raz s\u00f3), infraszauna, finn szauna tartozik m\u00e9g a sz\u00e1ll\u00e1shoz! <\/p>\n\n\n\n<p><strong>Szoba \u00e1rak:<\/strong><\/p>\n\n\n\n<ul class=\"wp-block-list\">\n<li>1 f\u0151re 1 \u00e1gyas szoba: 9.000 Ft \/\u00e9j<br> P\u00f3t\u00e1gy: 4.000 Ft\/\u00e9j<\/li>\n\n\n\n<li>2-3 \u00e1gyas szoba 1 f\u0151 r\u00e9sz\u00e9re: 10.000 Ft\/\u00e9j<\/li>\n\n\n\n<li>2 f\u0151 r\u00e9sz\u00e9re: 15.000 Ft\/\u00e9j<\/li>\n\n\n\n<li>3 f\u0151 r\u00e9sz\u00e9re: 22.000 Ft\/\u00e9j<\/li>\n\n\n\n<li>Baba\u00e1gy: 3.000 Ft\/\u00e9jszaka<\/li>\n<\/ul>\n\n\n\n<p>Az \u00e1rak az idegenforgalmi ad\u00f3t (500 Ft\/f\u0151\/nap) nem tartalmazz\u00e1k.<\/p>\n\n\n\n<ul class=\"wp-block-list\">\n<li>Reggeli: 2.000 Ft\/f\u0151<\/li>\n\n\n\n<li>F\u00e9lpanzi\u00f3: 3.300 Ft\/f\u0151<\/li>\n\n\n\n<li>F\u00e9lpanzi\u00f3 + Reggeli: 5.000 Ft\/f\u0151<\/li>\n\n\n\n<li>Kis\u00e1llat: 3.000 Ft\/nap<br>(nem minden szob\u00e1ba lehet bevinni!)<\/li>\n\n\n\n<li>L\u00e9gkondicion\u00e1l\u00f3 haszn\u00e1lata: 800 Ft\/nap<\/li>\n\n\n\n<li>Szauna, s\u00f3szoba: 2000 Ft\/\u00f3ra\/alkalom<br>(b\u00e1rmely bet\u00e9r\u0151 vend\u00e9gnek)<\/li>\n\n\n\n<li>Az \u00e1rak az \u00c1FA-t (5%) tartalmazz\u00e1k<\/li>\n\n\n\n<li>Hosszabb szoba foglal\u00e1s eset\u00e9n az \u00e1r meg\u00e1llapod\u00e1s k\u00e9rd\u00e9se (min. 20 nap)<\/li>\n<\/ul>\n\n\n\n<p><strong>Tov\u00e1bbi inform\u00e1ci\u00f3k, kapcsolat:<\/strong><\/p>\n\n\n\n<p>A szoba elhagy\u00e1sa d\u00e9lel\u0151tt 10 \u00f3r\u00e1ig!<br>A szoba elfoglal\u00e1sa d\u00e9lut\u00e1n 14 \u00f3r\u00e1t\u00f3l az \u00e9tterem nyitvatart\u00e1s\u00e1ig!<\/p>\n\n\n\n<p>Mobiltelefon (\u00e1lland\u00f3an h\u00edvhat\u00f3): +36309797206 (Hart Gy\u00f6rgy)<br>Telefon: +3692511911<br>Mobil: +36305527921<\/p>\n\n\n\n<h2 class=\"wp-block-heading\">A h\u00e1zunk f\u00f6l\u00e9 magasod\u00f3 kil\u00e1t\u00f3b\u00f3l messzire ell\u00e1tni, a v\u00e1rosra \u00e9s a csod\u00e1latos zalai t\u00e1jakra.<\/h2>\n\n\n\n<p>Ha teh\u00e1t zalaegerszegi v\u00e1rosi barangol\u00e1sunk ut\u00e1n pihentet\u0151, csal\u00e1dbar\u00e1t k\u00f6rnyezetben elt\u00f6lt\u00f6tt \u00f3r\u00e1kra \u00e9s h\u00e1zias \u00edzekre v\u00e1gyunk, t\u00e9rj\u00fcnk be a J\u00e1nkahegyi Gyuri Cs\u00e1rd\u00e1ba, ahol garant\u00e1ltan fel\u00fcd\u00fcl szellem\u00fcnk \u00e9s \u00e9hes gyomrunk is \u00e9s m\u00e9g meg is pihenhetne a 14 szob\u00e1s vend\u00e9g h\u00e1zban 33 f\u00e9r\u0151hellyel.<\/p>\n","protected":false},"excerpt":{"rendered":"<p>Csal\u00e1dias vend\u00e9gl\u00e1t\u00e1s \u00e9s sz\u00e1ll\u00e1s panor\u00e1m\u00e1s k\u00f6rnyezetben! A Zalaegerszeg z\u00f6ld\u00f6vezet\u00e9ben tal\u00e1lhat\u00f3 J\u00e1nkahegyi Gyuri Cs\u00e1rda \u00e9s Vend\u00e9gh\u00e1z terasz\u00e1r\u00f3l csod\u00e1latos panor\u00e1ma t\u00e1rul az ide l\u00e1togat\u00f3 vend\u00e9g el\u00e9. A v\u00e1ros felett var\u00e1zslatos k\u00f6rnyezetben \u00e9lvezhetik a finom \u00e9teleink, boraink, p\u00e1link\u00e1ink \u00edzeit, zamat\u00e1t. Panzi\u00f3nk szeretettel v\u00e1rja az ide l\u00e1togat\u00f3 kedves vend\u00e9geket, ak\u00e1r a kis kikapcsol\u00f3d\u00e1sra v\u00e1gy\u00f3kat, ak\u00e1r a t\u00f6bbnapos zalaegerszegi l\u00e1togat\u00e1sra [&hellip;]<\/p>\n","protected":false},"author":1,"featured_media":81,"parent":0,"menu_order":0,"comment_status":"closed","ping_status":"closed","template":"","meta":{"footnotes":""},"class_list":["post-14","page","type-page","status-publish","has-post-thumbnail","hentry"],"_links":{"self":[{"href":"https:\/\/www.gyuricsarda.hu\/hu\/wp-json\/wp\/v2\/pages\/14","targetHints":{"allow":["GET"]}}],"collection":[{"href":"https:\/\/www.gyuricsarda.hu\/hu\/wp-json\/wp\/v2\/pages"}],"about":[{"href":"https:\/\/www.gyuricsarda.hu\/hu\/wp-json\/wp\/v2\/types\/page"}],"author":[{"embeddable":true,"href":"https:\/\/www.gyuricsarda.hu\/hu\/wp-json\/wp\/v2\/users\/1"}],"replies":[{"embeddable":true,"href":"https:\/\/www.gyuricsarda.hu\/hu\/wp-json\/wp\/v2\/comments?post=14"}],"version-history":[{"count":15,"href":"https:\/\/www.gyuricsarda.hu\/hu\/wp-json\/wp\/v2\/pages\/14\/revisions"}],"predecessor-version":[{"id":2716,"href":"https:\/\/www.gyuricsarda.hu\/hu\/wp-json\/wp\/v2\/pages\/14\/revisions\/2716"}],"wp:featuredmedia":[{"embeddable":true,"href":"https:\/\/www.gyuricsarda.hu\/hu\/wp-json\/wp\/v2\/media\/81"}],"wp:attachment":[{"href":"https:\/\/www.gyuricsarda.hu\/hu\/wp-json\/wp\/v2\/media?parent=14"}],"curies":[{"name":"wp","href":"https:\/\/api.w.org\/{rel}","templated":true}]}}