{"id":20,"date":"2020-01-07T18:52:00","date_gmt":"2020-01-07T18:52:00","guid":{"rendered":"https:\/\/www.gyuricsarda.hu\/?page_id=20"},"modified":"2023-05-17T09:57:36","modified_gmt":"2023-05-17T07:57:36","slug":"etlap","status":"publish","type":"page","link":"https:\/\/www.gyuricsarda.hu\/hu\/etlap\/","title":{"rendered":"\u00c9tlap"},"content":{"rendered":"\n<figure class=\"wp-block-image size-full\"><img loading=\"lazy\" decoding=\"async\" width=\"714\" height=\"498\" src=\"https:\/\/www.gyuricsarda.hu\/wp-content\/uploads\/2023\/05\/20230517-19-napi-ajanlat.png\" alt=\"\" class=\"wp-image-1417\" srcset=\"https:\/\/www.gyuricsarda.hu\/wp-content\/uploads\/2023\/05\/20230517-19-napi-ajanlat.png 714w, https:\/\/www.gyuricsarda.hu\/wp-content\/uploads\/2023\/05\/20230517-19-napi-ajanlat-150x105.png 150w\" sizes=\"auto, (max-width: 714px) 100vw, 714px\" \/><\/figure>\n\n\n\n<p class=\"has-luminous-vivid-amber-background-color has-text-color has-background has-large-font-size\" style=\"color:#7d4700\">\u00c9tlapunk jelenleg v\u00e1ltoztat\u00e1s alatt.<\/p>\n","protected":false},"excerpt":{"rendered":"<p>\u00c9tlapunk jelenleg v\u00e1ltoztat\u00e1s alatt.<\/p>\n","protected":false},"author":1,"featured_media":0,"parent":0,"menu_order":0,"comment_status":"closed","ping_status":"closed","template":"page-menu.php","meta":{"footnotes":""},"class_list":["post-20","page","type-page","status-publish","hentry"],"_links":{"self":[{"href":"https:\/\/www.gyuricsarda.hu\/hu\/wp-json\/wp\/v2\/pages\/20","targetHints":{"allow":["GET"]}}],"collection":[{"href":"https:\/\/www.gyuricsarda.hu\/hu\/wp-json\/wp\/v2\/pages"}],"about":[{"href":"https:\/\/www.gyuricsarda.hu\/hu\/wp-json\/wp\/v2\/types\/page"}],"author":[{"embeddable":true,"href":"https:\/\/www.gyuricsarda.hu\/hu\/wp-json\/wp\/v2\/users\/1"}],"replies":[{"embeddable":true,"href":"https:\/\/www.gyuricsarda.hu\/hu\/wp-json\/wp\/v2\/comments?post=20"}],"version-history":[{"count":33,"href":"https:\/\/www.gyuricsarda.hu\/hu\/wp-json\/wp\/v2\/pages\/20\/revisions"}],"predecessor-version":[{"id":1420,"href":"https:\/\/www.gyuricsarda.hu\/hu\/wp-json\/wp\/v2\/pages\/20\/revisions\/1420"}],"wp:attachment":[{"href":"https:\/\/www.gyuricsarda.hu\/hu\/wp-json\/wp\/v2\/media?parent=20"}],"curies":[{"name":"wp","href":"https:\/\/api.w.org\/{rel}","templated":true}]}}