{"id":22,"date":"2020-01-07T18:52:06","date_gmt":"2020-01-07T18:52:06","guid":{"rendered":"https:\/\/www.gyuricsarda.hu\/?page_id=22"},"modified":"2023-08-15T16:12:30","modified_gmt":"2023-08-15T14:12:30","slug":"kapcsolat","status":"publish","type":"page","link":"https:\/\/www.gyuricsarda.hu\/hu\/kapcsolat\/","title":{"rendered":"Kapcsolat"},"content":{"rendered":"<iframe loading=\"lazy\" src=\"https:\/\/www.google.com\/maps\/embed?pb=!1m18!1m12!1m3!1d2729.836687574021!2d16.837191615984928!3d46.827216949482036!2m3!1f0!2f0!3f0!3m2!1i1024!2i768!4f13.1!3m3!1m2!1s0x4769281c4368f84d%3A0x951351d55b9c3259!2zR3l1cmkgQ3PDoXJkYSDDqXMgUGFuemnDsw!5e0!3m2!1sen!2shu!4v1579444647981!5m2!1sen!2shu\" width=\"100%\" height=\"500\" scrolling=\"yes\" class=\"iframe-class\" frameborder><\/iframe>\n\n<div class=\"alterna-bullets \" >\n<div class=\"alterna-bullet\"><span class=\"alterna-bullet-icon btn-theme\"><i class=\"fa fa-map-marker\"><\/i><\/span>8900 Zalaegerszeg, J\u00e1nkahegyi \u00fat 27-29.<\/div>\n<div class=\"alterna-bullet\"><span class=\"alterna-bullet-icon btn-theme\"><i class=\"fa fa-phone\"><\/i><\/span>+36 92 511 911<\/div>\n<div class=\"alterna-bullet\"><span class=\"alterna-bullet-icon btn-theme\"><i class=\"fa fa-phone\"><\/i><\/span>+36 30 552 7921<\/div>\n<div class=\"alterna-bullet\"><span class=\"alterna-bullet-icon btn-theme\"><i class=\"fa fa-phone\"><\/i><\/span>+36 30 979 7206<\/div>\n<div class=\"alterna-bullet\"><span class=\"alterna-bullet-icon btn-theme\"><i class=\"fa fa-envelope\"><\/i><\/span>jankaigyuricsarda@gmail.com<\/div>\n<div class=\"alterna-bullet\"><span class=\"alterna-bullet-icon btn-theme\"><i class=\"fa fa-globe\"><\/i><\/span>GPS: \u00c9 46\u00b0 49&#8242; 39.18&#8243;, K 16\u00b0 50&#8242; 20.38&#8243;<\/div>\n<\/div><!--more--><div class=\"alterna-sc-title left\"><div class=\"row\"><div class=\"col-md-12\"><div class=\"alterna-sc-title-container\"><h3 class=\"alterna-sc-entry-title  \">\u00datvonalterv a belv\u00e1rosb\u00f3l<\/h3><div class=\"alterna-sc-title-line\"><\/div><\/div><\/div><\/div><\/div>\n<iframe loading=\"lazy\" src=\"https:\/\/www.google.com\/maps\/embed?pb=!1m28!1m12!1m3!1d10917.839507396959!2d16.834279149263555!3d46.834636266255806!2m3!1f0!2f0!3f0!3m2!1i1024!2i768!4f13.1!4m13!3e6!4m5!1s0x476928140d0b519b%3A0x96d671c9ff0a8003!2sZalaegerszeg%2C+Sz%C3%A9chenyi+t%C3%A9r!3m2!1d46.844358!2d16.8461612!4m5!1s0x4769281c4368f84d%3A0x951351d55b9c3259!2sJ%C3%A1nkahegyi+Gyuri+Vend%C3%A9gh%C3%A1z%2C+Zalaegerszeg%2C+J%C3%A1nkahegyi+utca+27-29%2C+8900+Magyarorsz%C3%A1g!3m2!1d46.8272182!2d16.8393479!5e0!3m2!1shu!2shu!4v1446459940358\" width=\"100%\" height=\"500\" scrolling=\"yes\" class=\"iframe-class\" frameborder><\/iframe>\n\n","protected":false},"excerpt":{"rendered":"","protected":false},"author":1,"featured_media":0,"parent":0,"menu_order":0,"comment_status":"closed","ping_status":"closed","template":"","meta":{"footnotes":""},"class_list":["post-22","page","type-page","status-publish","hentry"],"_links":{"self":[{"href":"https:\/\/www.gyuricsarda.hu\/hu\/wp-json\/wp\/v2\/pages\/22","targetHints":{"allow":["GET"]}}],"collection":[{"href":"https:\/\/www.gyuricsarda.hu\/hu\/wp-json\/wp\/v2\/pages"}],"about":[{"href":"https:\/\/www.gyuricsarda.hu\/hu\/wp-json\/wp\/v2\/types\/page"}],"author":[{"embeddable":true,"href":"https:\/\/www.gyuricsarda.hu\/hu\/wp-json\/wp\/v2\/users\/1"}],"replies":[{"embeddable":true,"href":"https:\/\/www.gyuricsarda.hu\/hu\/wp-json\/wp\/v2\/comments?post=22"}],"version-history":[{"count":13,"href":"https:\/\/www.gyuricsarda.hu\/hu\/wp-json\/wp\/v2\/pages\/22\/revisions"}],"predecessor-version":[{"id":2032,"href":"https:\/\/www.gyuricsarda.hu\/hu\/wp-json\/wp\/v2\/pages\/22\/revisions\/2032"}],"wp:attachment":[{"href":"https:\/\/www.gyuricsarda.hu\/hu\/wp-json\/wp\/v2\/media?parent=22"}],"curies":[{"name":"wp","href":"https:\/\/api.w.org\/{rel}","templated":true}]}}